{"id":500,"date":"2014-08-08T22:09:39","date_gmt":"2014-08-08T22:09:39","guid":{"rendered":"http:\/\/www.shocksa.com\/wp\/?page_id=500"},"modified":"2014-09-26T18:27:49","modified_gmt":"2014-09-26T18:27:49","slug":"tunning","status":"publish","type":"page","link":"https:\/\/www.shocksa.com\/?page_id=500","title":{"rendered":"Tunning"},"content":{"rendered":"<div class=\"wpb_row vc_row-fluid\">\n\t<div class=\"vc_span8 wpb_column column_container\">\n\t\t<div class=\"wpb_wrapper\">\n\t\t\t\n\t<div class=\"wpb_raw_code wpb_content_element wpb_raw_html\">\n\t\t<div class=\"wpb_wrapper\">\n\t\t\t<h4>SUSPENSI\u00d3N TUNNING<\/h4>\n<ul>\n\t<li>Importamos y fabricamos toda clase de espirales para poner a \u201cA punto\u201d suspensiones de autos deportivos de pista y para los amigos aficionados al tunning, que gustan modificar sus autom\u00f3viles con doble prop\u00f3sito PISTA CALLE.<\/li>\n<\/ul>\n<ul>\n\t<li>Fabricaci\u00f3n especial de resortes espirales seg\u00fan aplicaci\u00f3n para cualquier marca de veh\u00edculo, pudiendo hacer espirales convencionales, standard, m\u00e1s altos o m\u00e1s bajos o reforzados.<\/li>\n<\/ul>\n<ul>\n\t<li>Atendemos particulares, flotillas comerciales o flotillas de taxis.Asesor\u00eda, garant\u00eda, evaluaci\u00f3n e instalaci\u00f3n gratis<\/li>\n<\/ul>\n\t<li>Instalamos kits de suspensi\u00f3n para autos convencionales y sport tunning as\u00ed como kits de lift para carros off road 4x4 pudiendo usar kits en stock importados o fabricaci\u00f3n y\/o modificaci\u00f3n a la medida.<\/li>\n<\/ul>\n<br>\n<h3>\u00bfQue es un Kit Progresivo?<\/h3>\n<p>Es el conjunto de los resortes espirales que componente la suspensi\u00f3n de un veh\u00edculo, cuyo dise\u00f1o especial de paso combinado, lo hacen un espiral con doble carga, lo que se traduce en un espiral de doble Prop\u00f3sito PISTA CALLE.<\/p>\n<p>En Simples palabras, es un espiral especial que es Suave y con Absorci\u00f3n y Suspensi\u00f3n en los baches, t\u00famulos etc... , en el manejo diario en ciudad y a la vez es m\u00e1s r\u00edgido a medida que se necesita por motivos de ACELERACI\u00d3N, FRENADO, TOMADO DE CURVAS, COMPETENCIA EN PISTAS.<\/p>\n\n\t<p>Solicite una cotizaci\u00f3n al <span style=\"color:#FF0000; font-weight:bold; font-family:Arial, Helvetica, sans-serif;\">2471-1342<\/span> o envie un mensaje en nuestro cotizador.<\/p>\n\n\t\t<\/div> \n\t<\/div> \n\t\t<\/div> \n\t<\/div> \n\n\t<div class=\"vc_span4 wpb_column column_container\">\n\t\t<div class=\"wpb_wrapper\">\n\t\t\t<div class=\"wpb_images_carousel wpb_content_element clearfix\">\n    <div class=\"wpb_wrapper\">\n                <div id=\"vc-images-carousel-1\" data-ride=\"vc-carousel\" data-wrap=\"false\" style=\"width: 360px;\" data-interval=\"5000\" data-auto-height=\"yes\" data-mode=\"horizontal\" data-partial=\"false\" data-per-view=\"1\" data-hide-on-end=\"false\" class=\"vc-slide vc-carousel\">\n                        <!-- Indicators -->\n            <ol class=\"vc-carousel-indicators\">\n                                <li data-target=\"#vc-images-carousel-1\" data-slide-to=\"0\"><\/li>\n                                <li data-target=\"#vc-images-carousel-1\" data-slide-to=\"1\"><\/li>\n                                <li data-target=\"#vc-images-carousel-1\" data-slide-to=\"2\"><\/li>\n                                <li data-target=\"#vc-images-carousel-1\" data-slide-to=\"3\"><\/li>\n                            <\/ol>\n                        <!-- Wrapper for slides -->\n            <div class=\"vc-carousel-inner\">\n                <div class=\"vc-carousel-slideline\"><div class=\"vc-carousel-slideline-inner\">\n                                                            <div class=\"vc-item\"><div class=\"vc-inner\">\n                                                                    <a class=\"prettyphoto\" href=\"https:\/\/www.shocksa.com\/wp-content\/uploads\/2014\/08\/tunning11.jpg\"  rel=\"prettyPhoto[rel-676796476]\">\n                            <img src=\"https:\/\/www.shocksa.com\/wp-content\/uploads\/2014\/08\/tunning11.jpg\" width=\"360\" height=\"360\" alt=\"tunning1\" \/>                        <\/a>\n                                        <\/div><\/div>\n                                                            <div class=\"vc-item\"><div class=\"vc-inner\">\n                                                                    <a class=\"prettyphoto\" href=\"https:\/\/www.shocksa.com\/wp-content\/uploads\/2014\/08\/tunning12.jpg\"  rel=\"prettyPhoto[rel-1526561986]\">\n                            <img src=\"https:\/\/www.shocksa.com\/wp-content\/uploads\/2014\/08\/tunning12.jpg\" width=\"360\" height=\"360\" alt=\"tunning1\" \/>                        <\/a>\n                                        <\/div><\/div>\n                                                            <div class=\"vc-item\"><div class=\"vc-inner\">\n                                                                    <a class=\"prettyphoto\" href=\"https:\/\/www.shocksa.com\/wp-content\/uploads\/2014\/08\/tunning2.jpg\"  rel=\"prettyPhoto[rel-363000192]\">\n                            <img src=\"https:\/\/www.shocksa.com\/wp-content\/uploads\/2014\/08\/tunning2.jpg\" width=\"360\" height=\"360\" alt=\"tunning2\" \/>                        <\/a>\n                                        <\/div><\/div>\n                                                            <div class=\"vc-item\"><div class=\"vc-inner\">\n                                                                    <a class=\"prettyphoto\" href=\"https:\/\/www.shocksa.com\/wp-content\/uploads\/2014\/08\/tunning3.jpg\"  rel=\"prettyPhoto[rel-1414878534]\">\n                            <img src=\"https:\/\/www.shocksa.com\/wp-content\/uploads\/2014\/08\/tunning3.jpg\" width=\"360\" height=\"360\" alt=\"tunning3\" \/>                        <\/a>\n                                        <\/div><\/div>\n                                    <\/div><\/div>\n            <\/div>\n                        <!-- Controls -->\n            <a class=\"vc-left vc-carousel-control\" href=\"#vc-images-carousel-1\" data-slide=\"prev\">\n                <span class=\"icon-prev\"><\/span>\n            <\/a>\n            <a class=\"vc-right vc-carousel-control\" href=\"#vc-images-carousel-1\" data-slide=\"next\">\n                <span class=\"icon-next\"><\/span>\n            <\/a>\n                    <\/div>\n    <\/div><\/div>\n\t\t<\/div> \n\t<\/div> \n<\/div><div class=\"wpb_row vc_row-fluid\">\n\t<div class=\"vc_span6 wpb_column column_container\">\n\t\t<div class=\"wpb_wrapper\">\n\t\t\t<div class=\"wpb_row vc_row-fluid\">\n\t<div class=\"vc_span12 wpb_column column_container\">\n\t\t<div class=\"wpb_wrapper\">\n\t\t\t\n\t<div class=\"wpb_raw_code wpb_content_element wpb_raw_html\">\n\t\t<div class=\"wpb_wrapper\">\n\t\t\t<h4>Mas Informaci\u00f3n<\/h4>\n<hr>\nConozca m\u00e1s sobre la nuestros productos.\n\n\t\t<\/div> \n\t<\/div> \n\t\t<\/div> \n\t<\/div> \n<\/div>\n\t<div class=\"wpb_accordion wpb_content_element  not-column-inherit\" data-collapsible=no data-active-tab=\"1\">\n\t\t<div class=\"wpb_wrapper wpb_accordion_wrapper ui-accordion\">\n\t\t\t\n\t\t\t<div class=\"wpb_accordion_section group\">\n\t\t\t\t<h3 class=\"wpb_accordion_header ui-accordion-header\"><a href=\"#marcas-y-modelos\">Marcas y Modelos<\/a><\/h3>\n\t\t\t\t<div class=\"wpb_accordion_content ui-accordion-content clearfix\">\n\t\t\t\t\n\t<div class=\"wpb_text_column wpb_content_element \">\n\t\t<div class=\"wpb_wrapper\">\n\t\t\t<p>Toyota 99-10, Nissan 99-10, Mazda 99-10, Honda 99-10<\/p>\n\n\t\t<\/div> \n\t<\/div> \n\t\t\t\t<\/div>\n\t\t\t<\/div> \n\n\t\t\t<div class=\"wpb_accordion_section group\">\n\t\t\t\t<h3 class=\"wpb_accordion_header ui-accordion-header\"><a href=\"#kit-progresivos\">Kit Progresivos<\/a><\/h3>\n\t\t\t\t<div class=\"wpb_accordion_content ui-accordion-content clearfix\">\n\t\t\t\t\n\t<div class=\"wpb_raw_code wpb_content_element wpb_raw_html\">\n\t\t<div class=\"wpb_wrapper\">\n\t\t\t<p>Para atender la demanda de nuestros clientes amantes del TUNNING o simplemente los que gustan de un LOOK de bajo perfil y manejo deportivo, nuestros KITS PROGRESIVOS son la mejor soluci\u00f3n.<\/p>\n\n\t\t<\/div> \n\t<\/div> \n\t\t\t\t<\/div>\n\t\t\t<\/div> \n\n\t\t\t<div class=\"wpb_accordion_section group\">\n\t\t\t\t<h3 class=\"wpb_accordion_header ui-accordion-header\"><a href=\"#que-es-un-kit-progresivo\">\u00bfQue es un Kit Progresivo?<\/a><\/h3>\n\t\t\t\t<div class=\"wpb_accordion_content ui-accordion-content clearfix\">\n\t\t\t\t\n\t<div class=\"wpb_raw_code wpb_content_element wpb_raw_html\">\n\t\t<div class=\"wpb_wrapper\">\n\t\t\t<p>Es el conjunto de los resortes espirales que componente la suspensi\u00f3n de un veh\u00edculo, cuyo dise\u00f1o especial de paso combinado, lo hacen un espiral con doble carga, lo que se traduce en un espiral de doble Prop\u00f3sito PISTA CALLE.<\/p>\n<p>En Simples palabras, es un espiral especial que es Suave y con Absorci\u00f3n y Suspensi\u00f3n en los baches, t\u00famulos etc... , en el manejo diario en ciudad y a la vez es m\u00e1s r\u00edgido a medida que se necesita por motivos de ACELERACION, FRENADO, TOMADO DE CURVAS, COMPETENECIA EN PISTAS.<\/p>\n\t\t<\/div> \n\t<\/div> \n\t\t\t\t<\/div>\n\t\t\t<\/div> \n\n\t\t\t<div class=\"wpb_accordion_section group\">\n\t\t\t\t<h3 class=\"wpb_accordion_header ui-accordion-header\"><a href=\"#ventajas-suspension-tuning\">Ventajas Suspensi\u00f3n Tuning<\/a><\/h3>\n\t\t\t\t<div class=\"wpb_accordion_content ui-accordion-content clearfix\">\n\t\t\t\t\n\t<div class=\"wpb_raw_code wpb_content_element wpb_raw_html\">\n\t\t<div class=\"wpb_wrapper\">\n\t\t\t<p>- Confort y suspensi\u00f3n para el manejo diario de ciudad y todas sus irregularidades (baches, t\u00famulos, banquetas, etc.)<\/p>\n<p>- No arruina la \u201cSuspensi\u00f3n\u201d de su veh\u00edculo y la propia salud del piloto con EXCESIVA RIGIDEZ<\/p>\n<p>- Rigidez y estabilidad deportiva, en el momento que se necesita.<\/p>\n<p>- Amplio stock y fabricaci\u00f3n a la medida para TODO TIPO DE VEHICULO Y MARCAS<\/p>\n\t\t<\/div> \n\t<\/div> \n\t\t\t\t<\/div>\n\t\t\t<\/div> \n\n\t\t<\/div> \n\t<\/div> \n\t\t<\/div> \n\t<\/div> \n\n\t<div class=\"vc_span6 wpb_column column_container\">\n\t\t<div class=\"wpb_wrapper\">\n\t\t\t<div class=\"wpb_row vc_row-fluid\">\n\t<div class=\"vc_span12 wpb_column column_container\">\n\t\t<div class=\"wpb_wrapper\">\n\t\t\t\n\t<div class=\"wpb_raw_code wpb_content_element wpb_raw_html\">\n\t\t<div class=\"wpb_wrapper\">\n\t\t\t<h4>Solicite una cotizaci\u00f3n<\/h4>\n<hr>\nFavor de llenar la siguiente informaci\u00f3n y con gusto nos comunicaremos.\n\n\t\t<\/div> \n\t<\/div> \n\t\t<\/div> \n\t<\/div> \n<\/div><div role=\"form\" class=\"wpcf7\" id=\"wpcf7-f670-o1\" lang=\"es-ES\" dir=\"ltr\">\n<div class=\"screen-reader-response\"><p role=\"status\" aria-live=\"polite\" aria-atomic=\"true\"><\/p> <ul><\/ul><\/div>\n<form action=\"\/index.php?rest_route=%2Fwp%2Fv2%2Fpages%2F500#wpcf7-f670-o1\" method=\"post\" class=\"wpcf7-form init\" novalidate=\"novalidate\" data-status=\"init\">\n<div style=\"display: none;\">\n<input type=\"hidden\" name=\"_wpcf7\" value=\"670\" \/>\n<input type=\"hidden\" name=\"_wpcf7_version\" value=\"5.4.2\" \/>\n<input type=\"hidden\" name=\"_wpcf7_locale\" value=\"es_ES\" \/>\n<input type=\"hidden\" name=\"_wpcf7_unit_tag\" value=\"wpcf7-f670-o1\" \/>\n<input type=\"hidden\" name=\"_wpcf7_container_post\" value=\"0\" \/>\n<input type=\"hidden\" name=\"_wpcf7_posted_data_hash\" value=\"\" \/>\n<input type=\"hidden\" name=\"_wpcf7_recaptcha_response\" value=\"\" \/>\n<\/div>\n<p>Su nombre (requerido)<br \/>\n    <span class=\"wpcf7-form-control-wrap your-name\"><input type=\"text\" name=\"your-name\" value=\"\" size=\"40\" class=\"wpcf7-form-control wpcf7-text wpcf7-validates-as-required\" aria-required=\"true\" aria-invalid=\"false\" \/><\/span> <\/p>\n<p>Telefono (requerido)<br \/>\n<span class=\"wpcf7-form-control-wrap text-325\"><input type=\"text\" name=\"text-325\" value=\"\" size=\"40\" class=\"wpcf7-form-control wpcf7-text wpcf7-validates-as-required\" aria-required=\"true\" aria-invalid=\"false\" \/><\/span><\/p>\n<p>Su e-mail (requerido)<br \/>\n    <span class=\"wpcf7-form-control-wrap your-email\"><input type=\"email\" name=\"your-email\" value=\"\" size=\"40\" class=\"wpcf7-form-control wpcf7-text wpcf7-email wpcf7-validates-as-required wpcf7-validates-as-email\" aria-required=\"true\" aria-invalid=\"false\" \/><\/span> <\/p>\n<p>Marca y Modelo Vehiculo<br \/>\n    <span class=\"wpcf7-form-control-wrap your-subject\"><input type=\"text\" name=\"your-subject\" value=\"\" size=\"40\" class=\"wpcf7-form-control wpcf7-text\" aria-invalid=\"false\" \/><\/span> <\/p>\n<p>Su mensaje<br \/>\n    <span class=\"wpcf7-form-control-wrap your-message\"><textarea name=\"your-message\" cols=\"40\" rows=\"10\" class=\"wpcf7-form-control wpcf7-textarea\" aria-invalid=\"false\"><\/textarea><\/span> <\/p>\n<p><input type=\"submit\" value=\"Enviar\" class=\"wpcf7-form-control wpcf7-submit\" \/><\/p>\n<div class=\"wpcf7-response-output\" aria-hidden=\"true\"><\/div><\/form><\/div>\n\t\t<\/div> \n\t<\/div> \n<\/div>\n","protected":false},"excerpt":{"rendered":"SUSPENSI\u00d3N TUNNING Importamos y fabricamos toda clase de espirales para poner a \u201cA punto\u201d suspensiones de autos deportivos de pista y para los amigos aficionados al tunning, que gustan modificar sus autom\u00f3viles con doble prop\u00f3sito PISTA CALLE. Fabricaci\u00f3n especial de resortes espirales seg\u00fan aplicaci\u00f3n para cualquier marca de veh\u00edculo, pudiendo hacer espirales convencionales, standard, m\u00e1s [...]","protected":false},"author":1,"featured_media":626,"parent":0,"menu_order":0,"comment_status":"closed","ping_status":"closed","template":"page-full-width.php","meta":[],"_links":{"self":[{"href":"https:\/\/www.shocksa.com\/index.php?rest_route=\/wp\/v2\/pages\/500"}],"collection":[{"href":"https:\/\/www.shocksa.com\/index.php?rest_route=\/wp\/v2\/pages"}],"about":[{"href":"https:\/\/www.shocksa.com\/index.php?rest_route=\/wp\/v2\/types\/page"}],"author":[{"embeddable":true,"href":"https:\/\/www.shocksa.com\/index.php?rest_route=\/wp\/v2\/users\/1"}],"replies":[{"embeddable":true,"href":"https:\/\/www.shocksa.com\/index.php?rest_route=%2Fwp%2Fv2%2Fcomments&post=500"}],"version-history":[{"count":22,"href":"https:\/\/www.shocksa.com\/index.php?rest_route=\/wp\/v2\/pages\/500\/revisions"}],"predecessor-version":[{"id":905,"href":"https:\/\/www.shocksa.com\/index.php?rest_route=\/wp\/v2\/pages\/500\/revisions\/905"}],"wp:featuredmedia":[{"embeddable":true,"href":"https:\/\/www.shocksa.com\/index.php?rest_route=\/wp\/v2\/media\/626"}],"wp:attachment":[{"href":"https:\/\/www.shocksa.com\/index.php?rest_route=%2Fwp%2Fv2%2Fmedia&parent=500"}],"curies":[{"name":"wp","href":"https:\/\/api.w.org\/{rel}","templated":true}]}}