{"id":711,"date":"2014-09-10T21:52:28","date_gmt":"2014-09-10T21:52:28","guid":{"rendered":"http:\/\/www.shocksa.com\/wp\/?page_id=711"},"modified":"2014-10-09T22:41:31","modified_gmt":"2014-10-09T22:41:31","slug":"shocks","status":"publish","type":"page","link":"https:\/\/www.shocksa.com\/?page_id=711","title":{"rendered":"Shocks Blindados"},"content":{"rendered":"<div class=\"wpb_row vc_row-fluid\">\n\t<div class=\"vc_span8 wpb_column column_container\">\n\t\t<div class=\"wpb_wrapper\">\n\t\t\t\n\t<div class=\"wpb_raw_code wpb_content_element wpb_raw_html\">\n\t\t<div class=\"wpb_wrapper\">\n\t\t\t<h4>SHOCKS AMORTIGUADORES BLINDADOS<\/h4>\n<ul>\n\t<li>Debido al incremento del peso, un veh\u00edculo blindado pierde la altura original de f\u00e1brica as\u00ed como tambi\u00e9n su estabilidad y maniobrabilidad.<\/li>\n<\/ul>\n<ul>\n\t<li>Un espiral reforzado  adecuado para su nivel de blindaje,  recupera la altura original y en parte la perdida de estabilidad, de la misma manera este espiral tiene que ser instalado con un shock adecuado heavy duty dise\u00f1ado para controlar las fuerzas de rebote del nuevo espiral instalado..<\/li>\n<\/ul>\n<ul>\n\t<li>Con la instalaci\u00f3n de un shock adecuado usted recuperara el confort, sensaci\u00f3n de rebote y la estabilidad de su veh\u00edculo<\/li>\n<\/ul>\n<ul>\n\t<li>Nuestros shocks o amortiguadores son fabricados en Australia por la f\u00e1brica de m\u00e1s experiencia y la \u00fanica con fabricaci\u00f3n de shocks especiales para veh\u00edculos blindados.<\/li>\n<\/ul>\n<ul>\n\t<li>Amplio stock consulte disponibilidad para su marca o importaci\u00f3n disponible.<\/li>\n<\/ul>\n<ul>\n\t<li>Contamos con Taller de servicios especializado.<\/li>\n<\/ul>\n<ul>\n\t<li>Solicite una cotizaci\u00f3n al <span style=\"color:#FF0000; font-weight:bold; font-family:Arial, Helvetica, sans-serif;\">2471-1342<\/span> o envie un mensaje en nuestro cotizador.<\/li>\n<\/ul>\n\t\t<\/div> \n\t<\/div> \n\t\t<\/div> \n\t<\/div> \n\n\t<div class=\"vc_span4 wpb_column column_container\">\n\t\t<div class=\"wpb_wrapper\">\n\t\t\t<div class=\"wpb_images_carousel wpb_content_element clearfix\">\n    <div class=\"wpb_wrapper\">\n                <div id=\"vc-images-carousel-1\" data-ride=\"vc-carousel\" data-wrap=\"false\" style=\"width: 360px;\" data-interval=\"5000\" data-auto-height=\"yes\" data-mode=\"horizontal\" data-partial=\"false\" data-per-view=\"1\" data-hide-on-end=\"false\" class=\"vc-slide vc-carousel\">\n                        <!-- Indicators -->\n            <ol class=\"vc-carousel-indicators\">\n                                <li data-target=\"#vc-images-carousel-1\" data-slide-to=\"0\"><\/li>\n                                <li data-target=\"#vc-images-carousel-1\" data-slide-to=\"1\"><\/li>\n                            <\/ol>\n                        <!-- Wrapper for slides -->\n            <div class=\"vc-carousel-inner\">\n                <div class=\"vc-carousel-slideline\"><div class=\"vc-carousel-slideline-inner\">\n                                                            <div class=\"vc-item\"><div class=\"vc-inner\">\n                                                                    <a class=\"prettyphoto\" href=\"https:\/\/www.shocksa.com\/wp-content\/uploads\/2014\/08\/livianos3.jpg\"  rel=\"prettyPhoto[rel-2049267348]\">\n                            <img src=\"https:\/\/www.shocksa.com\/wp-content\/uploads\/2014\/08\/livianos3.jpg\" width=\"360\" height=\"360\" alt=\"livianos3\" \/>                        <\/a>\n                                        <\/div><\/div>\n                                                            <div class=\"vc-item\"><div class=\"vc-inner\">\n                                                                    <a class=\"prettyphoto\" href=\"https:\/\/www.shocksa.com\/wp-content\/uploads\/2014\/09\/shocksredondo1.jpg\"  rel=\"prettyPhoto[rel-2025792330]\">\n                            <img src=\"https:\/\/www.shocksa.com\/wp-content\/uploads\/2014\/09\/shocksredondo1.jpg\" width=\"360\" height=\"360\" alt=\"shocksredondo1\" \/>                        <\/a>\n                                        <\/div><\/div>\n                                    <\/div><\/div>\n            <\/div>\n                        <!-- Controls -->\n            <a class=\"vc-left vc-carousel-control\" href=\"#vc-images-carousel-1\" data-slide=\"prev\">\n                <span class=\"icon-prev\"><\/span>\n            <\/a>\n            <a class=\"vc-right vc-carousel-control\" href=\"#vc-images-carousel-1\" data-slide=\"next\">\n                <span class=\"icon-next\"><\/span>\n            <\/a>\n                    <\/div>\n    <\/div><\/div>\n\t\t<\/div> \n\t<\/div> \n<\/div><div class=\"wpb_row vc_row-fluid\">\n\t<div class=\"vc_span6 wpb_column column_container\">\n\t\t<div class=\"wpb_wrapper\">\n\t\t\t<div class=\"wpb_row vc_row-fluid\">\n\t<div class=\"vc_span12 wpb_column column_container\">\n\t\t<div class=\"wpb_wrapper\">\n\t\t\t\n\t<div class=\"wpb_raw_code wpb_content_element wpb_raw_html\">\n\t\t<div class=\"wpb_wrapper\">\n\t\t\t<h4>Mas Informaci\u00f3n<\/h4>\n<hr>\nConozca m\u00e1s sobre la nuestros productos.\n\n\t\t<\/div> \n\t<\/div> \n\t\t<\/div> \n\t<\/div> \n<\/div>\n\t<div class=\"wpb_accordion wpb_content_element  not-column-inherit\" data-collapsible=no data-active-tab=\"1\">\n\t\t<div class=\"wpb_wrapper wpb_accordion_wrapper ui-accordion\">\n\t\t\t\n\t\t\t<div class=\"wpb_accordion_section group\">\n\t\t\t\t<h3 class=\"wpb_accordion_header ui-accordion-header\"><a href=\"#ventajas-y-datos-tecnicos\">Ventajas y Datos T\u00e9cnicos<\/a><\/h3>\n\t\t\t\t<div class=\"wpb_accordion_content ui-accordion-content clearfix\">\n\t\t\t\t\n\t<div class=\"wpb_raw_code wpb_content_element wpb_raw_html\">\n\t\t<div class=\"wpb_wrapper\">\n\t\t\t<ul>\n<li>Modula la fuerza de reacci\u00f3n del espiral reforzado o heavy duty.<\/li>\n<\/ul>\n<ul>\n<li>Devuelve el control en manejo de maniobras: frenado, curvas, t\u00famulos o baches.<\/li>\n<\/ul>\n<ul>\n<li>Construcci\u00f3n robusta de carcaza y ejes.<\/li>\n<\/ul>\n<ul>\n<li>V\u00e1lvulas especiales y auto regulables que mantienen frio el shock..<\/li>\n<\/ul>\n<ul>\n<li>Gran capacidad de almacenamiento de aceite.<\/li>\n<\/ul>\n<ul>\n<li>Carga de nitr\u00f3geno a presi\u00f3n que evita la aireaci\u00f3n o cavitaci\u00f3n en el aceite del shock .<\/li>\n<\/ul>\n\t\t<\/div> \n\t<\/div> \n\t\t\t\t<\/div>\n\t\t\t<\/div> \n\n\t\t\t<div class=\"wpb_accordion_section group\">\n\t\t\t\t<h3 class=\"wpb_accordion_header ui-accordion-header\"><a href=\"#marcas-y-modelos\">Marcas y Modelos<\/a><\/h3>\n\t\t\t\t<div class=\"wpb_accordion_content ui-accordion-content clearfix\">\n\t\t\t\t\n\t<div class=\"wpb_raw_code wpb_content_element wpb_raw_html\">\n\t\t<div class=\"wpb_wrapper\">\n\t\t\t<p style=\"color:#003399\"><strong>Fabricamos para todas las marcas y modelos!<\/strong><\/p>\n<img title=\"Land Cruisere, Prado, Runner, Hilux Hiace, Etc..\" src=\"http:\/\/shocksa.com\/wp-content\/uploads\/2014\/09\/toyota.jpg\" alt=\"\" width=\"60\" height=\"50\" \/>&nbsp;&nbsp;\n<img title=\"BT50\" src=\"http:\/\/shocksa.com\/wp-content\/uploads\/2014\/08\/mazda.jpg\" alt=\"mazda\" width=\"60\" height=\"50\" \/>&nbsp;&nbsp;&nbsp;\n<img title=\"Ranger\" src=\"http:\/\/shocksa.com\/wp-content\/uploads\/2014\/08\/ford.jpg\" alt=\"ford\" width=\"60\" height=\"50\" \/>&nbsp;&nbsp;&nbsp;\n<img title=\"Yukon, Avalanche, Suburban\" src=\"http:\/\/shocksa.com\/wp-content\/uploads\/2014\/08\/chevrolet.jpg\" alt=\"chevrolet\" width=\"60\" height=\"50\" \/>&nbsp;&nbsp;&nbsp;\n<img title=\"L200\" src=\"http:\/\/shocksa.com\/wp-content\/uploads\/2014\/08\/mistubishi.jpg\" alt=\"mistubishi\" width=\"60\" height=\"50\" \/>&nbsp;&nbsp;&nbsp;\n<br><br>\n<img title=\"Patrol\" src=\"http:\/\/shocksa.com\/wp-content\/uploads\/2014\/08\/nissan.jpg\" alt=\"nissan\" width=\"60\" height=\"50\" \/>&nbsp;&nbsp;&nbsp;\n<img title=\"Cherokee, Grand Cherokee Limited\" src=\"http:\/\/shocksa.com\/wp-content\/uploads\/2014\/08\/jeep.jpg\" alt=\"jeep\" width=\"60\" height=\"50\" \/>&nbsp;&nbsp;&nbsp;\n<img title=\"DMAX\" src=\"http:\/\/shocksa.com\/wp-content\/uploads\/2014\/08\/isuzu.jpg\" alt=\"isuzu\" width=\"60\" height=\"50\" \/>&nbsp;&nbsp;&nbsp;\n<img title=\"Escalade\" src=\"http:\/\/shocksa.com\/wp-content\/uploads\/2014\/08\/cadillac.jpg\" alt=\"cadillac\" width=\"60\" height=\"50\"\/>&nbsp;&nbsp;&nbsp;\n<img title=\"Amarok\" src=\"http:\/\/shocksa.com\/wp-content\/uploads\/2014\/08\/vw.jpg\" alt=\"vw\" width=\"60\" height=\"50\"\/>\n\t\t<\/div> \n\t<\/div> \n\t\t\t\t<\/div>\n\t\t\t<\/div> \n\n\t\t<\/div> \n\t<\/div> \n\t\t<\/div> \n\t<\/div> \n\n\t<div class=\"vc_span6 wpb_column column_container\">\n\t\t<div class=\"wpb_wrapper\">\n\t\t\t<div class=\"wpb_row vc_row-fluid\">\n\t<div class=\"vc_span12 wpb_column column_container\">\n\t\t<div class=\"wpb_wrapper\">\n\t\t\t\n\t<div class=\"wpb_raw_code wpb_content_element wpb_raw_html\">\n\t\t<div class=\"wpb_wrapper\">\n\t\t\t<h4>Solicite una cotizaci\u00f3n<\/h4>\n<hr>\nFavor de llenar la siguiente informaci\u00f3n y con gusto nos comunicaremos.\n\n\t\t<\/div> \n\t<\/div> \n\t\t<\/div> \n\t<\/div> \n<\/div><div role=\"form\" class=\"wpcf7\" id=\"wpcf7-f670-o1\" lang=\"es-ES\" dir=\"ltr\">\n<div class=\"screen-reader-response\"><p role=\"status\" aria-live=\"polite\" aria-atomic=\"true\"><\/p> <ul><\/ul><\/div>\n<form action=\"\/index.php?rest_route=%2Fwp%2Fv2%2Fpages%2F711#wpcf7-f670-o1\" method=\"post\" class=\"wpcf7-form init\" novalidate=\"novalidate\" data-status=\"init\">\n<div style=\"display: none;\">\n<input type=\"hidden\" name=\"_wpcf7\" value=\"670\" \/>\n<input type=\"hidden\" name=\"_wpcf7_version\" value=\"5.4.2\" \/>\n<input type=\"hidden\" name=\"_wpcf7_locale\" value=\"es_ES\" \/>\n<input type=\"hidden\" name=\"_wpcf7_unit_tag\" value=\"wpcf7-f670-o1\" \/>\n<input type=\"hidden\" name=\"_wpcf7_container_post\" value=\"0\" \/>\n<input type=\"hidden\" name=\"_wpcf7_posted_data_hash\" value=\"\" \/>\n<input type=\"hidden\" name=\"_wpcf7_recaptcha_response\" value=\"\" \/>\n<\/div>\n<p>Su nombre (requerido)<br \/>\n    <span class=\"wpcf7-form-control-wrap your-name\"><input type=\"text\" name=\"your-name\" value=\"\" size=\"40\" class=\"wpcf7-form-control wpcf7-text wpcf7-validates-as-required\" aria-required=\"true\" aria-invalid=\"false\" \/><\/span> <\/p>\n<p>Telefono (requerido)<br \/>\n<span class=\"wpcf7-form-control-wrap text-325\"><input type=\"text\" name=\"text-325\" value=\"\" size=\"40\" class=\"wpcf7-form-control wpcf7-text wpcf7-validates-as-required\" aria-required=\"true\" aria-invalid=\"false\" \/><\/span><\/p>\n<p>Su e-mail (requerido)<br \/>\n    <span class=\"wpcf7-form-control-wrap your-email\"><input type=\"email\" name=\"your-email\" value=\"\" size=\"40\" class=\"wpcf7-form-control wpcf7-text wpcf7-email wpcf7-validates-as-required wpcf7-validates-as-email\" aria-required=\"true\" aria-invalid=\"false\" \/><\/span> <\/p>\n<p>Marca y Modelo Vehiculo<br \/>\n    <span class=\"wpcf7-form-control-wrap your-subject\"><input type=\"text\" name=\"your-subject\" value=\"\" size=\"40\" class=\"wpcf7-form-control wpcf7-text\" aria-invalid=\"false\" \/><\/span> <\/p>\n<p>Su mensaje<br \/>\n    <span class=\"wpcf7-form-control-wrap your-message\"><textarea name=\"your-message\" cols=\"40\" rows=\"10\" class=\"wpcf7-form-control wpcf7-textarea\" aria-invalid=\"false\"><\/textarea><\/span> <\/p>\n<p><input type=\"submit\" value=\"Enviar\" class=\"wpcf7-form-control wpcf7-submit\" \/><\/p>\n<div class=\"wpcf7-response-output\" aria-hidden=\"true\"><\/div><\/form><\/div>\n\t\t<\/div> \n\t<\/div> \n<\/div><div class=\"wpb_row vc_row-fluid\">\n\t<div class=\"vc_span12 wpb_column column_container\">\n\t\t<div class=\"wpb_wrapper\">\n\t\t\t\n\t\t<\/div> \n\t<\/div> \n<\/div>\n","protected":false},"excerpt":{"rendered":"SHOCKS AMORTIGUADORES BLINDADOS Debido al incremento del peso, un veh\u00edculo blindado pierde la altura original de f\u00e1brica as\u00ed como tambi\u00e9n su estabilidad y maniobrabilidad. Un espiral reforzado adecuado para su nivel de blindaje, recupera la altura original y en parte la perdida de estabilidad, de la misma manera este espiral tiene que ser instalado con [...]","protected":false},"author":1,"featured_media":815,"parent":483,"menu_order":0,"comment_status":"closed","ping_status":"closed","template":"page-full-width.php","meta":[],"_links":{"self":[{"href":"https:\/\/www.shocksa.com\/index.php?rest_route=\/wp\/v2\/pages\/711"}],"collection":[{"href":"https:\/\/www.shocksa.com\/index.php?rest_route=\/wp\/v2\/pages"}],"about":[{"href":"https:\/\/www.shocksa.com\/index.php?rest_route=\/wp\/v2\/types\/page"}],"author":[{"embeddable":true,"href":"https:\/\/www.shocksa.com\/index.php?rest_route=\/wp\/v2\/users\/1"}],"replies":[{"embeddable":true,"href":"https:\/\/www.shocksa.com\/index.php?rest_route=%2Fwp%2Fv2%2Fcomments&post=711"}],"version-history":[{"count":27,"href":"https:\/\/www.shocksa.com\/index.php?rest_route=\/wp\/v2\/pages\/711\/revisions"}],"predecessor-version":[{"id":922,"href":"https:\/\/www.shocksa.com\/index.php?rest_route=\/wp\/v2\/pages\/711\/revisions\/922"}],"up":[{"embeddable":true,"href":"https:\/\/www.shocksa.com\/index.php?rest_route=\/wp\/v2\/pages\/483"}],"wp:featuredmedia":[{"embeddable":true,"href":"https:\/\/www.shocksa.com\/index.php?rest_route=\/wp\/v2\/media\/815"}],"wp:attachment":[{"href":"https:\/\/www.shocksa.com\/index.php?rest_route=%2Fwp%2Fv2%2Fmedia&parent=711"}],"curies":[{"name":"wp","href":"https:\/\/api.w.org\/{rel}","templated":true}]}}