{"id":713,"date":"2014-09-10T21:52:42","date_gmt":"2014-09-10T21:52:42","guid":{"rendered":"http:\/\/www.shocksa.com\/wp\/?page_id=713"},"modified":"2014-11-21T18:43:13","modified_gmt":"2014-11-21T18:43:13","slug":"espirales","status":"publish","type":"page","link":"https:\/\/www.shocksa.com\/?page_id=713","title":{"rendered":"Espirales Blindados"},"content":{"rendered":"<div class=\"wpb_row vc_row-fluid\">\n\t<div class=\"vc_span8 wpb_column column_container\">\n\t\t<div class=\"wpb_wrapper\">\n\t\t\t\n\t<div class=\"wpb_raw_code wpb_content_element wpb_raw_html\">\n\t\t<div class=\"wpb_wrapper\">\n\t\t\t<h4>ESPIRALES BLINDADOS<\/h4>\n<ul>\n\t<li>Contamos con un amplio stock de espirales para todos los niveles y marcas de veh\u00edculos m\u00e1s utilizados en la industria del blindaje.<\/li>\n<\/ul>\n<ul>\n\t<li>Somos fabricantes de espirales heavy duty especiales, para aplicaciones varias ya sea por peso, altura, rigidez o cuando se trata de veh\u00edculos de marcas especiales o proyectos de construcci\u00f3n de prototipos. etc.<\/li>\n<\/ul>\n<ul>\n\t<li><strong>Asesor\u00eda, garant\u00eda, evaluaci\u00f3n e instalaci\u00f3n gratis<\/strong><\/li>\n<\/ul>\n<ul>\n\t<li>Contamos con Taller de servicios especializado.<\/li>\n<\/ul>\n<ul>\n\t<li>Solicite una cotizaci\u00f3n al <span style=\"color:#FF0000; font-weight:bold; font-family:Arial, Helvetica, sans-serif;\">2471-1342<\/span> o envie un mensaje en nuestro cotizador.<\/li>\n<\/ul>\n\t\t<\/div> \n\t<\/div> \n\t\t<\/div> \n\t<\/div> \n\n\t<div class=\"vc_span4 wpb_column column_container\">\n\t\t<div class=\"wpb_wrapper\">\n\t\t\t<div class=\"wpb_images_carousel wpb_content_element clearfix\">\n    <div class=\"wpb_wrapper\">\n                <div id=\"vc-images-carousel-1\" data-ride=\"vc-carousel\" data-wrap=\"false\" style=\"width: 360px;\" data-interval=\"5000\" data-auto-height=\"yes\" data-mode=\"horizontal\" data-partial=\"false\" data-per-view=\"1\" data-hide-on-end=\"false\" class=\"vc-slide vc-carousel\">\n                        <!-- Indicators -->\n            <ol class=\"vc-carousel-indicators\">\n                                <li data-target=\"#vc-images-carousel-1\" data-slide-to=\"0\"><\/li>\n                                <li data-target=\"#vc-images-carousel-1\" data-slide-to=\"1\"><\/li>\n                                <li data-target=\"#vc-images-carousel-1\" data-slide-to=\"2\"><\/li>\n                            <\/ol>\n                        <!-- Wrapper for slides -->\n            <div class=\"vc-carousel-inner\">\n                <div class=\"vc-carousel-slideline\"><div class=\"vc-carousel-slideline-inner\">\n                                                            <div class=\"vc-item\"><div class=\"vc-inner\">\n                                                                    <a class=\"prettyphoto\" href=\"https:\/\/www.shocksa.com\/wp-content\/uploads\/2014\/09\/Espiralesredonda.jpg\"  rel=\"prettyPhoto[rel-1497176950]\">\n                            <img src=\"https:\/\/www.shocksa.com\/wp-content\/uploads\/2014\/09\/Espiralesredonda.jpg\" width=\"360\" height=\"360\" alt=\"Espiralesredonda\" \/>                        <\/a>\n                                        <\/div><\/div>\n                                                            <div class=\"vc-item\"><div class=\"vc-inner\">\n                                                                    <a class=\"prettyphoto\" href=\"https:\/\/www.shocksa.com\/wp-content\/uploads\/2014\/09\/Espiralesredonda2.jpg\"  rel=\"prettyPhoto[rel-1524013729]\">\n                            <img src=\"https:\/\/www.shocksa.com\/wp-content\/uploads\/2014\/09\/Espiralesredonda2.jpg\" width=\"360\" height=\"360\" alt=\"Espiralesredonda2\" \/>                        <\/a>\n                                        <\/div><\/div>\n                                                            <div class=\"vc-item\"><div class=\"vc-inner\">\n                                                                    <a class=\"prettyphoto\" href=\"https:\/\/www.shocksa.com\/wp-content\/uploads\/2014\/09\/Espiral1.jpg\"  rel=\"prettyPhoto[rel-183964165]\">\n                            <img src=\"https:\/\/www.shocksa.com\/wp-content\/uploads\/2014\/09\/Espiral1.jpg\" width=\"360\" height=\"360\" alt=\"Espiral1\" \/>                        <\/a>\n                                        <\/div><\/div>\n                                    <\/div><\/div>\n            <\/div>\n                        <!-- Controls -->\n            <a class=\"vc-left vc-carousel-control\" href=\"#vc-images-carousel-1\" data-slide=\"prev\">\n                <span class=\"icon-prev\"><\/span>\n            <\/a>\n            <a class=\"vc-right vc-carousel-control\" href=\"#vc-images-carousel-1\" data-slide=\"next\">\n                <span class=\"icon-next\"><\/span>\n            <\/a>\n                    <\/div>\n    <\/div><\/div>\n\t\t<\/div> \n\t<\/div> \n<\/div><div class=\"wpb_row vc_row-fluid\">\n\t<div class=\"vc_span6 wpb_column column_container\">\n\t\t<div class=\"wpb_wrapper\">\n\t\t\t<div class=\"wpb_row vc_row-fluid\">\n\t<div class=\"vc_span12 wpb_column column_container\">\n\t\t<div class=\"wpb_wrapper\">\n\t\t\t\n\t<div class=\"wpb_raw_code wpb_content_element wpb_raw_html\">\n\t\t<div class=\"wpb_wrapper\">\n\t\t\t<h4>Mas Informaci\u00f3n<\/h4>\n<hr>\nConozca m\u00e1s sobre la nuestros productos.\n\n\t\t<\/div> \n\t<\/div> \n\t\t<\/div> \n\t<\/div> \n<\/div>\n\t<div class=\"wpb_accordion wpb_content_element  not-column-inherit\" data-collapsible=no data-active-tab=\"1\">\n\t\t<div class=\"wpb_wrapper wpb_accordion_wrapper ui-accordion\">\n\t\t\t\n\t\t\t<div class=\"wpb_accordion_section group\">\n\t\t\t\t<h3 class=\"wpb_accordion_header ui-accordion-header\"><a href=\"#ventajas-y-datos-tecnicos\">Ventajas y Datos T\u00e9cnicos<\/a><\/h3>\n\t\t\t\t<div class=\"wpb_accordion_content ui-accordion-content clearfix\">\n\t\t\t\t\n\t<div class=\"wpb_raw_code wpb_content_element wpb_raw_html\">\n\t\t<div class=\"wpb_wrapper\">\n\t\t\t<ul>\n<li>Recuperaci\u00f3n de la altura y la maniobrabilidad original.<\/li>\n<\/ul>\n<ul>\n<li>Dise\u00f1os especiales para uso de blindados<\/li>\n<\/ul>\n<ul>\n<li>Stock o fabricaci\u00f3n a medida<\/li>\n<\/ul>\n<ul>\n<li>Espirales con aceros m\u00e1s robustos  y m\u00e1s cantidad de espiras lo que asegura un mejor reparto de los pesos por espira, aumentando la comodidad y la durabilidad.<\/li>\n<\/ul>\n<ul>\n<li>Rolado en frio lo que mantiene las cualidades de los aceros.<\/li>\n<\/ul>\n<ul>\n<li>Pre comprimido en f\u00e1brica .<\/li>\n<\/ul>\n<ul>\n<li>Asesor\u00eda y fabricaci\u00f3n personalizada.<\/li>\n<\/ul>\n<ul>\n<li>Taller de servicios.<\/li>\n<\/ul>\n\t\t<\/div> \n\t<\/div> \n\t\t\t\t<\/div>\n\t\t\t<\/div> \n\n\t\t\t<div class=\"wpb_accordion_section group\">\n\t\t\t\t<h3 class=\"wpb_accordion_header ui-accordion-header\"><a href=\"#marcas-y-modelos\">Marcas y Modelos<\/a><\/h3>\n\t\t\t\t<div class=\"wpb_accordion_content ui-accordion-content clearfix\">\n\t\t\t\t\n\t<div class=\"wpb_raw_code wpb_content_element wpb_raw_html\">\n\t\t<div class=\"wpb_wrapper\">\n\t\t\t<p style=\"color:#003399\"><strong>Fabricamos para todas las marcas y modelos!<\/strong><\/p>\n<img title=\"Land Cruisere, Prado, Runner, Hilux Hiace, Etc..\" src=\"http:\/\/shocksa.com\/wp-content\/uploads\/2014\/09\/toyota.jpg\" alt=\"\" width=\"60\" height=\"50\" \/>&nbsp;&nbsp;\n<img title=\"BT50\" src=\"http:\/\/shocksa.com\/wp-content\/uploads\/2014\/08\/mazda.jpg\" alt=\"mazda\" width=\"60\" height=\"50\" \/>&nbsp;&nbsp;&nbsp;\n<img title=\"Ranger\" src=\"http:\/\/shocksa.com\/wp-content\/uploads\/2014\/08\/ford.jpg\" alt=\"ford\" width=\"60\" height=\"50\" \/>&nbsp;&nbsp;&nbsp;\n<img title=\"Yukon, Avalanche, Suburban\" src=\"http:\/\/shocksa.com\/wp-content\/uploads\/2014\/08\/chevrolet.jpg\" alt=\"chevrolet\" width=\"60\" height=\"50\" \/>&nbsp;&nbsp;&nbsp;\n<img title=\"L200\" src=\"http:\/\/shocksa.com\/wp-content\/uploads\/2014\/08\/mistubishi.jpg\" alt=\"mistubishi\" width=\"60\" height=\"50\" \/>&nbsp;&nbsp;&nbsp;\n<br><br>\n<img title=\"Patrol\" src=\"http:\/\/shocksa.com\/wp-content\/uploads\/2014\/08\/nissan.jpg\" alt=\"nissan\" width=\"60\" height=\"50\" \/>&nbsp;&nbsp;&nbsp;\n<img title=\"Cherokee, Grand Cherokee Limited\" src=\"http:\/\/shocksa.com\/wp-content\/uploads\/2014\/08\/jeep.jpg\" alt=\"jeep\" width=\"60\" height=\"50\" \/>&nbsp;&nbsp;&nbsp;\n<img title=\"DMAX\" src=\"http:\/\/shocksa.com\/wp-content\/uploads\/2014\/08\/isuzu.jpg\" alt=\"isuzu\" width=\"60\" height=\"50\" \/>&nbsp;&nbsp;&nbsp;\n<img title=\"Escalade\" src=\"http:\/\/shocksa.com\/wp-content\/uploads\/2014\/08\/cadillac.jpg\" alt=\"cadillac\" width=\"60\" height=\"50\"\/>&nbsp;&nbsp;&nbsp;\n<img title=\"Amarok\" src=\"http:\/\/shocksa.com\/wp-content\/uploads\/2014\/08\/vw.jpg\" alt=\"vw\" width=\"60\" height=\"50\"\/>\n\t\t<\/div> \n\t<\/div> \n\t\t\t\t<\/div>\n\t\t\t<\/div> \n\n\t\t<\/div> \n\t<\/div> \n\t\t<\/div> \n\t<\/div> \n\n\t<div class=\"vc_span6 wpb_column column_container\">\n\t\t<div class=\"wpb_wrapper\">\n\t\t\t<div class=\"wpb_row vc_row-fluid\">\n\t<div class=\"vc_span12 wpb_column column_container\">\n\t\t<div class=\"wpb_wrapper\">\n\t\t\t\n\t<div class=\"wpb_raw_code wpb_content_element wpb_raw_html\">\n\t\t<div class=\"wpb_wrapper\">\n\t\t\t<h4>Solicite una cotizaci\u00f3n<\/h4>\n<hr>\nFavor de llenar la siguiente informaci\u00f3n y con gusto nos comunicaremos.\n\n\t\t<\/div> \n\t<\/div> \n\t\t<\/div> \n\t<\/div> \n<\/div><div role=\"form\" class=\"wpcf7\" id=\"wpcf7-f670-o1\" lang=\"es-ES\" dir=\"ltr\">\n<div class=\"screen-reader-response\"><p role=\"status\" aria-live=\"polite\" aria-atomic=\"true\"><\/p> <ul><\/ul><\/div>\n<form action=\"\/index.php?rest_route=%2Fwp%2Fv2%2Fpages%2F713#wpcf7-f670-o1\" method=\"post\" class=\"wpcf7-form init\" novalidate=\"novalidate\" data-status=\"init\">\n<div style=\"display: none;\">\n<input type=\"hidden\" name=\"_wpcf7\" value=\"670\" \/>\n<input type=\"hidden\" name=\"_wpcf7_version\" value=\"5.4.2\" \/>\n<input type=\"hidden\" name=\"_wpcf7_locale\" value=\"es_ES\" \/>\n<input type=\"hidden\" name=\"_wpcf7_unit_tag\" value=\"wpcf7-f670-o1\" \/>\n<input type=\"hidden\" name=\"_wpcf7_container_post\" value=\"0\" \/>\n<input type=\"hidden\" name=\"_wpcf7_posted_data_hash\" value=\"\" \/>\n<input type=\"hidden\" name=\"_wpcf7_recaptcha_response\" value=\"\" \/>\n<\/div>\n<p>Su nombre (requerido)<br \/>\n    <span class=\"wpcf7-form-control-wrap your-name\"><input type=\"text\" name=\"your-name\" value=\"\" size=\"40\" class=\"wpcf7-form-control wpcf7-text wpcf7-validates-as-required\" aria-required=\"true\" aria-invalid=\"false\" \/><\/span> <\/p>\n<p>Telefono (requerido)<br \/>\n<span class=\"wpcf7-form-control-wrap text-325\"><input type=\"text\" name=\"text-325\" value=\"\" size=\"40\" class=\"wpcf7-form-control wpcf7-text wpcf7-validates-as-required\" aria-required=\"true\" aria-invalid=\"false\" \/><\/span><\/p>\n<p>Su e-mail (requerido)<br \/>\n    <span class=\"wpcf7-form-control-wrap your-email\"><input type=\"email\" name=\"your-email\" value=\"\" size=\"40\" class=\"wpcf7-form-control wpcf7-text wpcf7-email wpcf7-validates-as-required wpcf7-validates-as-email\" aria-required=\"true\" aria-invalid=\"false\" \/><\/span> <\/p>\n<p>Marca y Modelo Vehiculo<br \/>\n    <span class=\"wpcf7-form-control-wrap your-subject\"><input type=\"text\" name=\"your-subject\" value=\"\" size=\"40\" class=\"wpcf7-form-control wpcf7-text\" aria-invalid=\"false\" \/><\/span> <\/p>\n<p>Su mensaje<br \/>\n    <span class=\"wpcf7-form-control-wrap your-message\"><textarea name=\"your-message\" cols=\"40\" rows=\"10\" class=\"wpcf7-form-control wpcf7-textarea\" aria-invalid=\"false\"><\/textarea><\/span> <\/p>\n<p><input type=\"submit\" value=\"Enviar\" class=\"wpcf7-form-control wpcf7-submit\" \/><\/p>\n<div class=\"wpcf7-response-output\" aria-hidden=\"true\"><\/div><\/form><\/div>\n\t\t<\/div> \n\t<\/div> \n<\/div>\n","protected":false},"excerpt":{"rendered":"ESPIRALES BLINDADOS Contamos con un amplio stock de espirales para todos los niveles y marcas de veh\u00edculos m\u00e1s utilizados en la industria del blindaje. Somos fabricantes de espirales heavy duty especiales, para aplicaciones varias ya sea por peso, altura, rigidez o cuando se trata de veh\u00edculos de marcas especiales o proyectos de construcci\u00f3n de prototipos. [...]","protected":false},"author":1,"featured_media":812,"parent":483,"menu_order":0,"comment_status":"closed","ping_status":"closed","template":"page-full-width.php","meta":[],"_links":{"self":[{"href":"https:\/\/www.shocksa.com\/index.php?rest_route=\/wp\/v2\/pages\/713"}],"collection":[{"href":"https:\/\/www.shocksa.com\/index.php?rest_route=\/wp\/v2\/pages"}],"about":[{"href":"https:\/\/www.shocksa.com\/index.php?rest_route=\/wp\/v2\/types\/page"}],"author":[{"embeddable":true,"href":"https:\/\/www.shocksa.com\/index.php?rest_route=\/wp\/v2\/users\/1"}],"replies":[{"embeddable":true,"href":"https:\/\/www.shocksa.com\/index.php?rest_route=%2Fwp%2Fv2%2Fcomments&post=713"}],"version-history":[{"count":15,"href":"https:\/\/www.shocksa.com\/index.php?rest_route=\/wp\/v2\/pages\/713\/revisions"}],"predecessor-version":[{"id":984,"href":"https:\/\/www.shocksa.com\/index.php?rest_route=\/wp\/v2\/pages\/713\/revisions\/984"}],"up":[{"embeddable":true,"href":"https:\/\/www.shocksa.com\/index.php?rest_route=\/wp\/v2\/pages\/483"}],"wp:featuredmedia":[{"embeddable":true,"href":"https:\/\/www.shocksa.com\/index.php?rest_route=\/wp\/v2\/media\/812"}],"wp:attachment":[{"href":"https:\/\/www.shocksa.com\/index.php?rest_route=%2Fwp%2Fv2%2Fmedia&parent=713"}],"curies":[{"name":"wp","href":"https:\/\/api.w.org\/{rel}","templated":true}]}}