{"id":990,"date":"2015-05-08T21:22:38","date_gmt":"2015-05-08T21:22:38","guid":{"rendered":"http:\/\/www.shocksa.com\/?page_id=990"},"modified":"2015-05-08T22:00:07","modified_gmt":"2015-05-08T22:00:07","slug":"dobinsons","status":"publish","type":"page","link":"https:\/\/www.shocksa.com\/?page_id=990","title":{"rendered":"Dobinsons"},"content":{"rendered":"<h1> Distribuidores Autorizados<\/h1>\n<p>&nbsp;&nbsp;<\/p>\n<p>Especialistas en suspensiones para la mayor\u00eda de tipos de veh\u00edculos: veh\u00edculos de pasajeros, 4WD, Heavy\u2013Duty, veh\u00edculos Blindados y comerciales.<\/p>\n<h4>SHOCKS AMORTIGUADORES BLINDADOS\/4&#215;4 &#8212; ESPIRALES PARA BLINDADOS\/4&#215;4<\/h4>\n<ul>\n<li>Debido al incremento del peso, un veh\u00edculo blindado pierde la altura original de f\u00e1brica as\u00ed como tambi\u00e9n su estabilidad y maniobrabilidad.<\/li>\n<\/ul>\n<ul>\n<li>Un espiral reforzado  adecuado para su nivel de blindaje,  recupera la altura original y en parte la perdida de estabilidad, de la misma manera este espiral tiene que ser instalado con un shock adecuado heavy duty dise\u00f1ado para controlar las fuerzas de rebote del nuevo espiral instalado..<\/li>\n<\/ul>\n<ul>\n<li>Nuestros shocks o amortiguadores son fabricados en Australia por la f\u00e1brica de m\u00e1s experiencia y la \u00fanica con fabricaci\u00f3n de shocks especiales para veh\u00edculos blindados.<\/li>\n<\/ul>\n<ul>\n<li>Amplio stock consulte disponibilidad para su marca o importaci\u00f3n disponible.<\/li>\n<\/ul>\n<p><strong>Para  mas informaci\u00f3n o pedidos favor llenar el siguiente formulario, sera un gusto atenderle.<\/strong><\/p>\n<div role=\"form\" class=\"wpcf7\" id=\"wpcf7-f992-o1\" lang=\"es-ES\" dir=\"ltr\">\n<div class=\"screen-reader-response\"><p role=\"status\" aria-live=\"polite\" aria-atomic=\"true\"><\/p> <ul><\/ul><\/div>\n<form action=\"\/index.php?rest_route=%2Fwp%2Fv2%2Fpages%2F990#wpcf7-f992-o1\" method=\"post\" class=\"wpcf7-form init\" novalidate=\"novalidate\" data-status=\"init\">\n<div style=\"display: none;\">\n<input type=\"hidden\" name=\"_wpcf7\" value=\"992\" \/>\n<input type=\"hidden\" name=\"_wpcf7_version\" value=\"5.4.2\" \/>\n<input type=\"hidden\" name=\"_wpcf7_locale\" value=\"es_ES\" \/>\n<input type=\"hidden\" name=\"_wpcf7_unit_tag\" value=\"wpcf7-f992-o1\" \/>\n<input type=\"hidden\" name=\"_wpcf7_container_post\" value=\"0\" \/>\n<input type=\"hidden\" name=\"_wpcf7_posted_data_hash\" value=\"\" \/>\n<input type=\"hidden\" name=\"_wpcf7_recaptcha_response\" value=\"\" \/>\n<\/div>\n<p>Su nombre (requerido)<br \/>\n    <span class=\"wpcf7-form-control-wrap your-name\"><input type=\"text\" name=\"your-name\" value=\"\" size=\"40\" class=\"wpcf7-form-control wpcf7-text wpcf7-validates-as-required\" aria-required=\"true\" aria-invalid=\"false\" \/><\/span> <\/p>\n<p>Telefono (requerido)<br \/>\n<span class=\"wpcf7-form-control-wrap text-325\"><input type=\"text\" name=\"text-325\" value=\"\" size=\"40\" class=\"wpcf7-form-control wpcf7-text wpcf7-validates-as-required\" aria-required=\"true\" aria-invalid=\"false\" \/><\/span><\/p>\n<p>Su e-mail (requerido)<br \/>\n    <span class=\"wpcf7-form-control-wrap your-email\"><input type=\"email\" name=\"your-email\" value=\"\" size=\"40\" class=\"wpcf7-form-control wpcf7-text wpcf7-email wpcf7-validates-as-required wpcf7-validates-as-email\" aria-required=\"true\" aria-invalid=\"false\" \/><\/span> <\/p>\n<p>Direcci\u00f3n (requerido)<br \/>\n    <span class=\"wpcf7-form-control-wrap text-326\"><input type=\"text\" name=\"text-326\" value=\"\" size=\"40\" class=\"wpcf7-form-control wpcf7-text wpcf7-validates-as-required\" aria-required=\"true\" aria-invalid=\"false\" \/><\/span> <\/p>\n<p>Pais(requerido)<br \/>\n    <span class=\"wpcf7-form-control-wrap text-327\"><input type=\"text\" name=\"text-327\" value=\"\" size=\"40\" class=\"wpcf7-form-control wpcf7-text wpcf7-validates-as-required\" aria-required=\"true\" aria-invalid=\"false\" \/><\/span> <\/p>\n<p>Marca, Modelo Vehiculo y Nivel Blindaje<br \/>\n    <span class=\"wpcf7-form-control-wrap your-subject\"><input type=\"text\" name=\"your-subject\" value=\"\" size=\"40\" class=\"wpcf7-form-control wpcf7-text\" aria-invalid=\"false\" \/><\/span> <\/p>\n<p>Su mensaje<br \/>\n    <span class=\"wpcf7-form-control-wrap your-message\"><textarea name=\"your-message\" cols=\"40\" rows=\"10\" class=\"wpcf7-form-control wpcf7-textarea\" aria-invalid=\"false\"><\/textarea><\/span> <\/p>\n<p><input type=\"submit\" value=\"Enviar\" class=\"wpcf7-form-control wpcf7-submit\" \/><\/p>\n<div class=\"wpcf7-response-output\" aria-hidden=\"true\"><\/div><\/form><\/div>\n","protected":false},"excerpt":{"rendered":"<p>Distribuidores Autorizados &nbsp;&nbsp; Especialistas en suspensiones para la mayor\u00eda de tipos de veh\u00edculos: veh\u00edculos de pasajeros, 4WD, Heavy\u2013Duty, veh\u00edculos Blindados y comerciales. SHOCKS AMORTIGUADORES BLINDADOS\/4&#215;4 &#8212; ESPIRALES PARA BLINDADOS\/4&#215;4 Debido al incremento del peso, un veh\u00edculo blindado pierde la altura original de f\u00e1brica as\u00ed como tambi\u00e9n su estabilidad y maniobrabilidad. Un espiral reforzado adecuado para [&hellip;]<\/p>\n","protected":false},"author":1,"featured_media":815,"parent":0,"menu_order":0,"comment_status":"closed","ping_status":"closed","template":"page-full-width.php","meta":[],"_links":{"self":[{"href":"https:\/\/www.shocksa.com\/index.php?rest_route=\/wp\/v2\/pages\/990"}],"collection":[{"href":"https:\/\/www.shocksa.com\/index.php?rest_route=\/wp\/v2\/pages"}],"about":[{"href":"https:\/\/www.shocksa.com\/index.php?rest_route=\/wp\/v2\/types\/page"}],"author":[{"embeddable":true,"href":"https:\/\/www.shocksa.com\/index.php?rest_route=\/wp\/v2\/users\/1"}],"replies":[{"embeddable":true,"href":"https:\/\/www.shocksa.com\/index.php?rest_route=%2Fwp%2Fv2%2Fcomments&post=990"}],"version-history":[{"count":15,"href":"https:\/\/www.shocksa.com\/index.php?rest_route=\/wp\/v2\/pages\/990\/revisions"}],"predecessor-version":[{"id":1010,"href":"https:\/\/www.shocksa.com\/index.php?rest_route=\/wp\/v2\/pages\/990\/revisions\/1010"}],"wp:featuredmedia":[{"embeddable":true,"href":"https:\/\/www.shocksa.com\/index.php?rest_route=\/wp\/v2\/media\/815"}],"wp:attachment":[{"href":"https:\/\/www.shocksa.com\/index.php?rest_route=%2Fwp%2Fv2%2Fmedia&parent=990"}],"curies":[{"name":"wp","href":"https:\/\/api.w.org\/{rel}","templated":true}]}}